{"id":4515,"date":"2020-02-25T18:19:55","date_gmt":"2020-02-25T11:19:55","guid":{"rendered":"http:\/\/helpvn.mshopkeeper.misa.local\/vi\/?page_id=4515"},"modified":"2020-04-21T23:07:26","modified_gmt":"2020-04-21T16:07:26","slug":"thuc-pham","status":"publish","type":"page","link":"\/vi\/thuc-pham","title":{"rendered":"Th\u1ef1c ph\u1ea9m"},"content":{"rendered":"<section class=\"industry food-page\">\n<div class=\"introduce\">\n<div class=\"container\">\n<div class=\"row\">\n<div class=\"col-md-24 no-padding\">\n<div class=\"col-md-12\">\n<div class=\"image-introduce\"><img decoding=\"async\" class=\"img-responsive\" src=\"\/help\/vi\/help\/images\/Industry\/img_introduce.jpg\" alt=\"mshopkeeper.vn\"\/><\/div>\n<\/div>\n<div class=\"col-md-12\">\n<div class=\"content-introduce\">\n<div class=\"title-item\">GI\u1ea2I QUY\u1ebeT M\u1eccI V\u1ea4N \u0110\u1ec0 KH\u00d3 KH\u0102N KHI <br \/>KINH DOANH N\u00d4NG S\u1ea2N &#8211; TH\u1ef0C PH\u1ea8M<\/div>\n<div class=\"content-detail\">\n<div class=\"text-item\">Qu\u1ea3n l\u00fd h\u00e0ng h\u00f3a g\u1eb7p nhi\u1ec1u kh\u00f3 kh\u0103n do s\u1ea3n ph\u1ea9m t\u1ea1i c\u1eeda h\u00e0ng c\u00f3 nhi\u1ec1u \u0111\u01a1n v\u1ecb t\u00ednh (b\u00f3, kg, th\u00f9ng, bao, l\u00edt,..), h\u1ea1n s\u1eed d\u1ee5ng c\u1ee7a th\u1ef1c ph\u1ea9m, n\u00f4ng s\u1ea3n th\u01b0\u1eddng ng\u1eafn ng\u00e0y, d\u1ec5 h\u01b0 h\u1ecfng.<\/div>\n<div class=\"text-item\">Nh\u00e2n vi\u00ean th\u01b0\u1eddng nh\u1ea7m l\u1eabn khi thanh to\u00e1n cho kh\u00e1ch do gi\u00e1 th\u1ef1c ph\u1ea9m th\u01b0\u1eddng kh\u00f4ng c\u1ed1 \u0111\u1ecbnh m\u00e0 thay \u0111\u1ed5i theo ng\u00e0y, m\u00f9a v\u1ee5. Gi\u00e1 b\u00e1n kh\u00e1c nhau v\u1edbi kh\u00e1ch c\u0169, kh\u00e1ch m\u1edbi, kh\u00e1ch bu\u00f4n, kh\u00e1ch l\u1ebb.<\/div>\n<div class=\"text-item show-min-width-1100\">Kh\u00f3 th\u1ed1ng k\u00ea doanh s\u1ed1 ch\u00ednh x\u00e1c. C\u1ea7n qu\u1ea3n l\u00fd c\u00f4ng n\u1ee3 kh\u00e1ch h\u00e0ng, c\u00f4ng n\u1ee3 nh\u00e0 cung c\u1ea5p nh\u01b0ng th\u01b0\u1eddng qu\u00ean ghi l\u1ea1i th\u00f4ng tin d\u1eabn \u0111\u1ebfn t\u00ecnh tr\u1ea1ng sai s\u00f3t.<\/div>\n<div class=\"collapse collapseIntroduce\">\n<div class=\"text-item show-max-width-1099\">Kh\u00f3 th\u1ed1ng k\u00ea doanh s\u1ed1 ch\u00ednh x\u00e1c. C\u1ea7n qu\u1ea3n l\u00fd c\u00f4ng n\u1ee3 kh\u00e1ch h\u00e0ng, c\u00f4ng n\u1ee3 nh\u00e0 cung c\u1ea5p nh\u01b0ng th\u01b0\u1eddng qu\u00ean ghi l\u1ea1i th\u00f4ng tin d\u1eabn \u0111\u1ebfn t\u00ecnh tr\u1ea1ng sai s\u00f3t.<\/div>\n<div class=\"text-item\">Kh\u00f4ng n\u1eafm b\u1eaft \u0111\u01b0\u1ee3c t\u00ecnh h\u00ecnh kinh doanh khi kh\u00f4ng m\u1eb7t t\u1ea1i c\u1eeda h\u00e0ng\/chi nh\u00e1nh kh\u00e1c trong chu\u1ed7i. Kh\u00f3 kh\u0103n trong vi\u1ec7c qu\u1ea3n l\u00fd n\u0103ng su\u1ea5t l\u00e0m vi\u1ec7c c\u1ee7a t\u1eebng nh\u00e2n vi\u00ean.<\/div>\n<div class=\"text-item\">Mu\u1ed1n qu\u1ea3n l\u00fd v\u00e0 t\u00edch \u0111i\u1ec3m cho kh\u00e1ch h\u00e0ng nh\u01b0ng qu\u1ea3n l\u00fd b\u1eb1ng file excel c\u00f2n nhi\u1ec1u h\u1ea1n ch\u1ebf, kh\u00f4ng th\u1ec3 theo d\u00f5i \u0111\u01b0\u1ee3c l\u1ecbch s\u1eed mua c\u1ee7a kh\u00e1ch h\u00e0ng.<\/div>\n<\/div>\n<div class=\"btn-view-more\"><a id=\"btnViewMore\" data-toggle=\"collapse\" href=\".collapseIntroduce\" aria-expanded=\"false\" aria-controls=\"collapseIntroduce\">Xem th\u00eam<\/a><\/div>\n<\/div>\n<\/div>\n<\/div>\n<\/div>\n<\/div>\n<\/div>\n<\/div>\n<div class=\"management\">\n<div class=\"container\">\n<div class=\"row\">\n<div class=\"col-md-24\">\n<div class=\"title-row\">MSHOPKEEPER \u2013 QU\u1ea2N L\u00dd B\u00c1N H\u00c0NG TO\u00c0N DI\u1ec6N CHO C\u1eecA H\u00c0NG TH\u1ef0C PH\u1ea8M<\/div>\n<\/div>\n<div class=\"col-md-24 no-padding\">\n<div class=\"col-md-24 no-padding box-management box-direction\">\n<div class=\"col-md-12 col-img\">\n<div class=\"img-management\"><img decoding=\"async\" class=\"img-responsive\" src=\"\/help\/vi\/help\/images\/Industry\/Food\/img_management-1.png\" alt=\"mshopkeeper.vn\"\/><\/div>\n<\/div>\n<div class=\"col-md-12 col-content\">\n<div class=\"content-management\">\n<div class=\"horizontal-line-cut\"><\/div>\n<div class=\"title-item\">QU\u1ea2N L\u00dd H\u00c0NG H\u00d3A LINH HO\u1ea0T, GI\u1ea2M H\u01af H\u1eceNG<\/div>\n<div class=\"content-detail\">\n<div class=\"text-item\">Kh\u1ea3 n\u0103ng \u0111\u00e1p \u1ee9ng qu\u1ea3n l\u00fd s\u1ed1 l\u01b0\u1ee3ng l\u1edbn m\u1eb7t h\u00e0ng v\u1edbi nhi\u1ec1u \u0111\u01a1n v\u1ecb t\u00ednh kh\u00e1c nhau nh\u01b0 b\u00f3, kg, th\u00f9ng, bao, l\u00edt,&#8230;<\/div>\n<div class=\"text-item\">Qu\u1ea3n l\u00fd h\u1ea1n s\u1eed d\u1ee5ng h\u00e0ng h\u00f3a. C\u00f3 th\u1ec3 theo d\u00f5i h\u00e0ng h\u1ee7y \u0111\u1ec3 \u0111\u00e1nh gi\u00e1 v\u00e0 t\u00ednh to\u00e1n l\u1ea1i s\u1ed1 l\u01b0\u1ee3ng h\u00e0ng c\u1ea7n nh\u1eadp. C\u00f3 c\u1ea3nh b\u00e1o m\u1eb7t h\u00e0ng s\u1eafp h\u1ebft h\u1ea1n s\u1eed d\u1ee5ng \u0111\u1ec3 x\u1ea3 h\u00e0ng, gi\u1ea3m gi\u00e1.<\/div>\n<div class=\"text-item\">D\u1ec5 d\u00e0ng ki\u1ec3m k\u00ea kho b\u1eb1ng thi\u1ebft b\u1ecb qu\u00e9t m\u00e3 v\u1ea1ch v\u1edbi m\u1eb7t h\u00e0ng th\u1ef1c ph\u1ea9m \u0111\u00f3ng g\u00f3i.<\/div>\n<div class=\"text-item\">Th\u1ed1ng k\u00ea ch\u00ednh x\u00e1c s\u1ed1 l\u01b0\u1ee3ng xu\u1ea5t &#8211; nh\u1eadp &#8211; t\u1ed3n th\u1ef1c ph\u1ea9m, n\u00f4ng s\u1ea3n.<\/div>\n<\/div>\n<\/div>\n<\/div>\n<\/div>\n<div class=\"col-md-24 no-padding box-management\">\n<div class=\"col-md-12 col-img\">\n<div class=\"img-management\"><img decoding=\"async\" class=\"img-responsive\" src=\"\/help\/vi\/help\/images\/Industry\/Food\/img_management-2.png\" alt=\"mshopkeeper.vn\"\/><\/div>\n<\/div>\n<div class=\"col-md-12 col-content\">\n<div class=\"content-management\">\n<div class=\"horizontal-line-cut\"><\/div>\n<div class=\"title-item\">B\u00c1N T\u1ea0I C\u1eecA H\u00c0NG HI\u1ec6U QU\u1ea2, CHUY\u00caN NGHI\u1ec6P<\/div>\n<div class=\"content-detail\">\n<div class=\"text-item\">D\u1ec5 d\u00e0ng thanh to\u00e1n b\u1eb1ng m\u00e1y qu\u00e9t m\u00e3 v\u1ea1ch, t\u00ednh ti\u1ec1n ch\u00ednh x\u00e1c.<\/div>\n<div class=\"text-item\">Linh ho\u1ea1t thay \u0111\u1ed5i gi\u00e1 khi b\u00e1n h\u00e0ng theo ng\u00e0y\/m\u00f9a v\u1ee5 hay theo \u0111\u1ed1i t\u01b0\u1ee3ng kh\u00e1ch h\u00e0ng (b\u1ea3ng gi\u00e1 d\u00e0nh cho kh\u00e1ch bu\u00f4n, kh\u00e1ch l\u1ebb, kh\u00e1ch vip&#8230;)<\/div>\n<div class=\"text-item\">Cho ph\u00e9p NVBH\/thu ng\u00e2n ghi nh\u1eadn \u0111\u01a1n \u0111\u1eb7t h\u00e0ng. QLCH t\u1ed5ng h\u1ee3p \u0111\u01a1n \u0111\u1eb7t h\u00e0ng theo h\u00e0ng h\u00f3a \u0111\u1ec3 \u0111\u1eb7t h\u00e0ng nh\u00e0 cung c\u1ea5p \u0111\u00e1p \u1ee9ng nhu c\u1ea7u kh\u00e1ch h\u00e0ng.<\/div>\n<div class=\"text-item\">H\u1ed7 tr\u1ee3 nhi\u1ec1u h\u00ecnh th\u1ee9c thanh to\u00e1n nh\u01b0 ti\u1ec1n m\u1eb7t, th\u1ebb ATM, VISA, v\u00ed \u0111i\u1ec7n t\u1eed.<\/div>\n<\/div>\n<\/div>\n<\/div>\n<\/div>\n<div class=\"col-md-24 no-padding box-management box-direction\">\n<div class=\"col-md-12 col-img\">\n<div class=\"img-management\"><img decoding=\"async\" class=\"img-responsive\" src=\"\/help\/vi\/help\/images\/Industry\/Food\/img_management-3.png\" alt=\"mshopkeeper.vn\"\/><\/div>\n<\/div>\n<div class=\"col-md-12 col-content\">\n<div class=\"content-management\">\n<div class=\"horizontal-line-cut\"><\/div>\n<div class=\"title-item\">D\u1ec4 D\u00c0NG THI\u1ebeT L\u1eacP KHUY\u1ebeN M\u00c3I \u0110\u1ec2 X\u1ea2 H\u00c0NG<\/div>\n<div class=\"content-detail\">\n<div class=\"text-item\">\u0110a d\u1ea1ng c\u00e1c CTKM nh\u01b0 theo ph\u1ea7n tr\u0103m s\u1ea3n ph\u1ea9m, gi\u1ea3m gi\u00e1 h\u00f3a \u0111\u01a1n, gi\u1ea3m gi\u00e1 combo, mua m t\u1eb7ng n&#8230; \u0111\u1ec3 x\u1ea3 c\u00e1c m\u1eb7t h\u00e0ng g\u1ea7n h\u1ebft h\u1ea1n s\u1eed d\u1ee5ng.<\/div>\n<div class=\"text-item\">D\u1ec5 d\u00e0ng thi\u1ebft l\u1eadp ch\u01b0\u01a1ng tr\u00ecnh chi\u1ebft kh\u1ea5u cho kh\u00e1ch h\u00e0ng theo gi\u00e1 tr\u1ecb d\u1ef1a v\u00e0o l\u1ecbch s\u1eed mua h\u00e0ng. Kh\u00e1ch h\u00e0ng l\u1edbn \u0111\u01b0\u1ee3c chi\u1ebft kh\u1ea5u nhi\u1ec1u.<\/div>\n<div class=\"text-item\">T\u1ef1 \u0111\u1ed9ng \u00e1p d\u1ee5ng m\u1ee9c gi\u00e1 khuy\u1ebfn m\u00e3i trong th\u1eddi gian tri\u1ec3n khai hay kh\u00e1ch h\u00e0ng th\u00e2n thi\u1ebft.<\/div>\n<\/div>\n<\/div>\n<\/div>\n<\/div>\n<div class=\"col-md-24 no-padding box-management\">\n<div class=\"col-md-12 col-img\">\n<div class=\"img-management\"><img decoding=\"async\" class=\"img-responsive\" src=\"\/help\/vi\/help\/images\/Industry\/Food\/img_management-4.png\" alt=\"mshopkeeper.vn\"\/><\/div>\n<\/div>\n<div class=\"col-md-12 col-content\">\n<div class=\"content-management\">\n<div class=\"horizontal-line-cut\"><\/div>\n<div class=\"title-item\">QU\u1ea2N L\u00dd KH\u00c1CH H\u00c0NG V\u00c0 T\u00cdCH \u0110I\u1ec2M \u0110I\u1ec6N T\u1eec<\/div>\n<div class=\"content-detail\">\n<div class=\"text-item\">Qu\u1ea3n l\u00fd kh\u00f4ng gi\u1edbi h\u1ea1n s\u1ed1 l\u01b0\u1ee3ng kh\u00e1ch h\u00e0ng theo nh\u1eefng th\u00f4ng tin chi ti\u1ebft nh\u01b0 h\u1ecd t\u00ean, s\u1ed1 \u0111i\u1ec7n tho\u1ea1i, \u0111\u1ecba ch\u1ec9, sinh nh\u1eadt hay l\u1ecbch s\u1eed mua c\u1ee7a kh\u00e1ch h\u00e0ng.<\/div>\n<div class=\"text-item\">\u1ee8ng d\u1ee5ng qu\u1ea3n l\u00fd th\u1ebb th\u00e0nh vi\u00ean \u0111i\u1ec7n t\u1eed gi\u00fap t\u00edch \u0111i\u1ec3m kh\u00e1ch h\u00e0ng, t\u1ef1 \u0111\u1ed9ng n\u00e2ng\/h\u1ea1 h\u1ea1ng th\u1ebb hay g\u1eedi \u01b0u \u0111\u00e3i mi\u1ec5n ph\u00ed cho kh\u00e1ch h\u00e0ng.<\/div>\n<div class=\"text-item\">Kh\u00e1ch h\u00e0ng c\u00f3 th\u1ec3 ch\u1ee7 \u0111\u1ed9ng xem s\u1ed1 \u0111i\u1ec3m t\u00edch l\u0169y hay quy \u0111\u1ed5i \u0111i\u1ec3m \u0111\u1ec3 thanh to\u00e1n ti\u1ec7n l\u1ee3i.<\/div>\n<\/div>\n<\/div>\n<\/div>\n<\/div>\n<div class=\"col-md-24 no-padding box-management box-direction\">\n<div class=\"col-md-12 col-img\">\n<div class=\"img-management\"><img decoding=\"async\" class=\"img-responsive\" src=\"\/help\/vi\/help\/images\/Industry\/Food\/img_management-5.png\" alt=\"mshopkeeper.vn\"\/><\/div>\n<\/div>\n<div class=\"col-md-12 col-content\">\n<div class=\"content-management\">\n<div class=\"horizontal-line-cut\"><\/div>\n<div class=\"title-item\">B\u00c1O C\u00c1O B\u00c1N H\u00c0NG CH\u00cdNH X\u00c1C \u0110\u1ebeN <br \/>T\u1eeaNG K\u00caNH, T\u1eeaNG CHI NH\u00c1NH<\/div>\n<div class=\"content-detail\">\n<div class=\"text-item\">H\u1ec7 th\u1ed1ng b\u00e1o c\u00e1o \u0111\u1ea7y \u0111\u1ee7, d\u1ec5 hi\u1ec3u bao qu\u00e1t to\u00e0n b\u1ed9 ho\u1ea1t \u0111\u1ed9ng kinh doanh bao g\u1ed3m: Doanh thu, l\u1ed7 l\u00e3i, t\u1ed3n kho, c\u00f4ng n\u1ee3 kh\u00e1ch h\u00e0ng, c\u00f4ng n\u1ee3 nh\u00e0 cung c\u1ea5p, doanh s\u1ed1 chi ti\u1ebft c\u1ee7a t\u1eebng nh\u00e2n vi\u00ean, t\u1eebng m\u1eb7t h\u00e0ng\/nh\u00f3m h\u00e0ng h\u00f3a&#8230;<\/div>\n<div class=\"text-item\">Qu\u1ea3n l\u00fd chu\u1ed7i c\u1eeda h\u00e0ng th\u1ef1c ph\u1ea9m, n\u00f4ng s\u1ea3n t\u1eeb t\u1ed5ng quan \u0111\u1ebfn chi ti\u1ebft. D\u1ec5 d\u00e0ng qu\u1ea3n l\u00fd c\u1eeda h\u00e0ng t\u1eeb xa ngay tr\u00ean thi\u1ebft b\u1ecb di \u0111\u1ed9ng.<\/div>\n<div class=\"text-item\">K\u1ebft n\u1ed1i ph\u1ea7n m\u1ec1m k\u1ebf to\u00e1n, ph\u1ea7n m\u1ec1m qu\u1ea3n tr\u1ecb doanh nghi\u1ec7p gi\u00fap c\u1ea5p qu\u1ea3n l\u00fd d\u1ec5 d\u00e0ng ki\u1ec3m so\u00e1t t\u1ea5t c\u1ea3 v\u1ea5n \u0111\u1ec1 ph\u00e1t sinh t\u1eeb khi l\u00e0m vi\u1ec7c v\u1edbi nh\u00e0 cung c\u1ea5p \u0111\u1ebfn khi b\u00e1n h\u00e0ng, qu\u1ea3n l\u00fd th\u00f4ng tin kh\u00e1ch h\u00e0ng.<\/div>\n<\/div>\n<\/div>\n<\/div>\n<\/div>\n<\/div>\n<\/div>\n<\/div>\n<\/div>\n<\/section>\n<link rel=\"stylesheet\" type=\"text\/css\" href=\"\/help\/vi\/help\/css\/bootstrap.css\"\/><link rel=\"stylesheet\" type=\"text\/css\" href=\"\/help\/vi\/help\/css\/industry.css\"\/><script type=\"text\/javascript\" src=\"\/help\/vi\/help\/js\/lib\/bootstrap.js\"><\/script><br \/>\n","protected":false},"excerpt":{"rendered":"<p>GI\u1ea2I QUY\u1ebeT M\u1eccI V\u1ea4N \u0110\u1ec0 KH\u00d3 KH\u0102N KHI KINH DOANH N\u00d4NG S\u1ea2N &#8211; TH\u1ef0C PH\u1ea8M Qu\u1ea3n l\u00fd h\u00e0ng h\u00f3a g\u1eb7p nhi\u1ec1u kh\u00f3 kh\u0103n do s\u1ea3n ph\u1ea9m t\u1ea1i c\u1eeda h\u00e0ng c\u00f3 nhi\u1ec1u \u0111\u01a1n v\u1ecb t\u00ednh (b\u00f3, kg, th\u00f9ng, bao, l\u00edt,..), h\u1ea1n s\u1eed d\u1ee5ng c\u1ee7a th\u1ef1c ph\u1ea9m, n\u00f4ng s\u1ea3n th\u01b0\u1eddng ng\u1eafn ng\u00e0y,&#8230;<\/p>\n","protected":false},"author":1,"featured_media":0,"parent":0,"menu_order":0,"comment_status":"closed","ping_status":"closed","template":"","meta":{"footnotes":""},"class_list":["post-4515","page","type-page","status-publish","hentry"],"yoast_head":"<!-- This site is optimized with the Yoast SEO plugin v21.7 - https:\/\/yoast.com\/wordpress\/plugins\/seo\/ -->\n<title>Th\u1ef1c ph\u1ea9m - T\u00e0i li\u1ec7u h\u01b0\u1edbng d\u1eabn MISA eShop Vi\u1ec7t Nam<\/title>\n<meta name=\"robots\" content=\"index, follow, max-snippet:-1, max-image-preview:large, max-video-preview:-1\" \/>\n<link rel=\"canonical\" href=\"\/vi\/thuc-pham\" \/>\n<meta property=\"og:locale\" content=\"vi_VN\" \/>\n<meta property=\"og:type\" content=\"article\" \/>\n<meta property=\"og:title\" content=\"Th\u1ef1c ph\u1ea9m - T\u00e0i li\u1ec7u h\u01b0\u1edbng d\u1eabn MISA eShop Vi\u1ec7t Nam\" \/>\n<meta property=\"og:description\" content=\"GI\u1ea2I QUY\u1ebeT M\u1eccI V\u1ea4N \u0110\u1ec0 KH\u00d3 KH\u0102N KHI KINH DOANH N\u00d4NG S\u1ea2N &#8211; TH\u1ef0C PH\u1ea8M Qu\u1ea3n l\u00fd h\u00e0ng h\u00f3a g\u1eb7p nhi\u1ec1u kh\u00f3 kh\u0103n do s\u1ea3n ph\u1ea9m t\u1ea1i c\u1eeda h\u00e0ng c\u00f3 nhi\u1ec1u \u0111\u01a1n v\u1ecb t\u00ednh (b\u00f3, kg, th\u00f9ng, bao, l\u00edt,..), h\u1ea1n s\u1eed d\u1ee5ng c\u1ee7a th\u1ef1c ph\u1ea9m, n\u00f4ng s\u1ea3n th\u01b0\u1eddng ng\u1eafn ng\u00e0y,...\" \/>\n<meta property=\"og:url\" content=\"\/vi\/thuc-pham\" \/>\n<meta property=\"og:site_name\" content=\"T\u00e0i li\u1ec7u h\u01b0\u1edbng d\u1eabn MISA eShop Vi\u1ec7t Nam\" \/>\n<meta property=\"article:modified_time\" content=\"2020-04-21T16:07:26+00:00\" \/>\n<meta name=\"twitter:card\" content=\"summary_large_image\" \/>\n<meta name=\"twitter:label1\" content=\"Est. reading time\" \/>\n\t<meta name=\"twitter:data1\" content=\"6 ph\u00fat\" \/>\n<!-- \/ Yoast SEO plugin. -->","yoast_head_json":{"title":"Th\u1ef1c ph\u1ea9m - T\u00e0i li\u1ec7u h\u01b0\u1edbng d\u1eabn MISA eShop Vi\u1ec7t Nam","robots":{"index":"index","follow":"follow","max-snippet":"max-snippet:-1","max-image-preview":"max-image-preview:large","max-video-preview":"max-video-preview:-1"},"canonical":"\/vi\/thuc-pham","og_locale":"vi_VN","og_type":"article","og_title":"Th\u1ef1c ph\u1ea9m - T\u00e0i li\u1ec7u h\u01b0\u1edbng d\u1eabn MISA eShop Vi\u1ec7t Nam","og_description":"GI\u1ea2I QUY\u1ebeT M\u1eccI V\u1ea4N \u0110\u1ec0 KH\u00d3 KH\u0102N KHI KINH DOANH N\u00d4NG S\u1ea2N &#8211; TH\u1ef0C PH\u1ea8M Qu\u1ea3n l\u00fd h\u00e0ng h\u00f3a g\u1eb7p nhi\u1ec1u kh\u00f3 kh\u0103n do s\u1ea3n ph\u1ea9m t\u1ea1i c\u1eeda h\u00e0ng c\u00f3 nhi\u1ec1u \u0111\u01a1n v\u1ecb t\u00ednh (b\u00f3, kg, th\u00f9ng, bao, l\u00edt,..), h\u1ea1n s\u1eed d\u1ee5ng c\u1ee7a th\u1ef1c ph\u1ea9m, n\u00f4ng s\u1ea3n th\u01b0\u1eddng ng\u1eafn ng\u00e0y,...","og_url":"\/vi\/thuc-pham","og_site_name":"T\u00e0i li\u1ec7u h\u01b0\u1edbng d\u1eabn MISA eShop Vi\u1ec7t Nam","article_modified_time":"2020-04-21T16:07:26+00:00","twitter_card":"summary_large_image","twitter_misc":{"Est. reading time":"6 ph\u00fat"},"schema":{"@context":"https:\/\/schema.org","@graph":[{"@type":"WebPage","@id":"\/vi\/thuc-pham","url":"\/vi\/thuc-pham","name":"Th\u1ef1c ph\u1ea9m - T\u00e0i li\u1ec7u h\u01b0\u1edbng d\u1eabn MISA eShop Vi\u1ec7t Nam","isPartOf":{"@id":"\/vi\/#website"},"datePublished":"2020-02-25T11:19:55+00:00","dateModified":"2020-04-21T16:07:26+00:00","breadcrumb":{"@id":"\/vi\/thuc-pham#breadcrumb"},"inLanguage":"vi","potentialAction":[{"@type":"ReadAction","target":["\/vi\/thuc-pham"]}]},{"@type":"BreadcrumbList","@id":"\/vi\/thuc-pham#breadcrumb","itemListElement":[{"@type":"ListItem","position":1,"name":"Home","item":"http:\/\/helpv2.mshopkeeper.vn\/vi"},{"@type":"ListItem","position":2,"name":"Th\u1ef1c ph\u1ea9m"}]}]}},"_links":{"self":[{"href":"\/vi\/wp-json\/wp\/v2\/pages\/4515","targetHints":{"allow":["GET"]}}],"collection":[{"href":"\/vi\/wp-json\/wp\/v2\/pages"}],"about":[{"href":"\/vi\/wp-json\/wp\/v2\/types\/page"}],"author":[{"embeddable":true,"href":"\/vi\/wp-json\/wp\/v2\/users\/1"}],"replies":[{"embeddable":true,"href":"\/vi\/wp-json\/wp\/v2\/comments?post=4515"}],"version-history":[{"count":3,"href":"\/vi\/wp-json\/wp\/v2\/pages\/4515\/revisions"}],"predecessor-version":[{"id":5536,"href":"\/vi\/wp-json\/wp\/v2\/pages\/4515\/revisions\/5536"}],"wp:attachment":[{"href":"\/vi\/wp-json\/wp\/v2\/media?parent=4515"}],"curies":[{"name":"wp","href":"https:\/\/api.w.org\/{rel}","templated":true}]}}