{"id":4508,"date":"2020-02-25T18:17:54","date_gmt":"2020-02-25T11:17:54","guid":{"rendered":"http:\/\/helpvn.mshopkeeper.misa.local\/vi\/?page_id=4508"},"modified":"2020-04-21T23:08:18","modified_gmt":"2020-04-21T16:08:18","slug":"vat-lieu-xay-dung","status":"publish","type":"page","link":"\/vi\/vat-lieu-xay-dung","title":{"rendered":"V\u1eadt li\u1ec7u x\u00e2y d\u1ef1ng"},"content":{"rendered":"<section class=\"industry building-page\">\n<div class=\"introduce\">\n<div class=\"container\">\n<div class=\"row\">\n<div class=\"col-md-24 no-padding\">\n<div class=\"col-md-12\">\n<div class=\"image-introduce\"><img decoding=\"async\" class=\"img-responsive\" src=\"\/help\/vi\/help\/images\/Industry\/img_introduce.jpg\" alt=\"mshopkeeper.vn\"\/><\/div>\n<\/div>\n<div class=\"col-md-12\">\n<div class=\"content-introduce\">\n<div class=\"title-item\">GI\u1ea2I QUY\u1ebeT M\u1eccI V\u1ea4N \u0110\u1ec0 KH\u00d3 KH\u0102N KHI <br \/>KINH DOANH C\u1eecA H\u00c0NG V\u1eacT LI\u1ec6U X\u00c2Y D\u1ef0NG<\/div>\n<div class=\"content-detail\">\n<div class=\"text-item\">Kh\u00f3 ki\u1ec3m so\u00e1t \u0111\u00fang s\u1ed1 l\u01b0\u1ee3ng h\u00e0ng h\u00f3a do c\u00f3 nhi\u1ec1u \u0111\u01a1n v\u1ecb t\u00ednh, nhi\u1ec1u th\u00f4ng s\u1ed1 k\u1ef9 thu\u1eadt. C\u1eeda h\u00e0ng th\u01b0\u1eddng c\u00f3 nhi\u1ec1u kho (kho l\u01b0u tr\u1eef, kho t\u1ea1i c\u1eeda h\u00e0ng&#8230;).<\/div>\n<div class=\"text-item\">Nh\u00e2n vi\u00ean th\u01b0\u1eddng nh\u1ea7m l\u1eabn khi thanh to\u00e1n cho kh\u00e1ch do gi\u00e1 c\u00f3 nhi\u1ec1u m\u1ee9c gi\u00e1 b\u00e1n cho kh\u00e1ch bu\u00f4n, kh\u00e1ch l\u1ebb.<\/div>\n<div class=\"text-item show-min-width-1100\">Kh\u00f3 th\u1ed1ng k\u00ea doanh s\u1ed1 ch\u00ednh x\u00e1c. C\u1ea7n qu\u1ea3n l\u00fd c\u00f4ng n\u1ee3 kh\u00e1ch h\u00e0ng nh\u01b0ng th\u01b0\u1eddng qu\u00ean ghi l\u1ea1i th\u00f4ng tin d\u1eabn \u0111\u1ebfn t\u00ecnh tr\u1ea1ng nh\u1ea7m l\u1eabn, sai s\u00f3t.<\/div>\n<div class=\"collapse collapseIntroduce\">\n<div class=\"text-item show-max-width-1099\">Kh\u00f3 th\u1ed1ng k\u00ea doanh s\u1ed1 ch\u00ednh x\u00e1c. C\u1ea7n qu\u1ea3n l\u00fd c\u00f4ng n\u1ee3 kh\u00e1ch h\u00e0ng nh\u01b0ng th\u01b0\u1eddng qu\u00ean ghi l\u1ea1i th\u00f4ng tin d\u1eabn \u0111\u1ebfn t\u00ecnh tr\u1ea1ng nh\u1ea7m l\u1eabn, sai s\u00f3t.<\/div>\n<div class=\"text-item\">Mu\u1ed1n ph\u00e2n quy\u1ec1n nh\u00e2n vi\u00ean v\u00e0 \u0111\u00e1nh gi\u00e1 hi\u1ec7u qu\u1ea3 l\u00e0m vi\u1ec7c c\u1ee7a nh\u00e2n vi\u00ean th\u00f4ng qua doanh s\u1ed1 b\u00e1n h\u00e0ng nh\u01b0ng ch\u01b0a bi\u1ebft c\u00e1ch.<\/div>\n<div class=\"text-item\">Kh\u00f3 kh\u0103n trong vi\u1ec7c ki\u1ec3m so\u00e1t doanh thu, chi ph\u00ed, t\u00ecnh h\u00ecnh c\u00f4ng n\u1ee3 kh\u00e1ch h\u00e0ng hay t\u00ecnh h\u00ecnh xu\u1ea5t, nh\u1eadp, t\u1ed3n kho khi kh\u00f4ng c\u00f3 m\u1eb7t t\u1ea1i c\u1eeda h\u00e0ng.<\/div>\n<\/div>\n<div class=\"btn-view-more\"><a id=\"btnViewMore\" data-toggle=\"collapse\" href=\".collapseIntroduce\" aria-expanded=\"false\" aria-controls=\"collapseIntroduce\">Xem th\u00eam<\/a><\/div>\n<\/div>\n<\/div>\n<\/div>\n<\/div>\n<\/div>\n<\/div>\n<\/div>\n<div class=\"management\">\n<div class=\"container\">\n<div class=\"row\">\n<div class=\"col-md-24\">\n<div class=\"title-row\">MSHOPKEEPER &#8211; QU\u1ea2N L\u00dd C\u1eecA H\u00c0NG V\u1eacT LI\u1ec6U X\u00c2Y D\u1ef0NG HI\u1ec6U QU\u1ea2<\/div>\n<\/div>\n<div class=\"col-md-24 no-padding\">\n<div class=\"col-md-24 no-padding box-management box-direction\">\n<div class=\"col-md-12 col-img\">\n<div class=\"img-management\"><img decoding=\"async\" class=\"img-responsive\" src=\"\/help\/vi\/help\/images\/Industry\/Building\/img_management-1.png\" alt=\"mshopkeeper.vn\"\/><\/div>\n<\/div>\n<div class=\"col-md-12 col-content\">\n<div class=\"content-management\">\n<div class=\"horizontal-line-cut\"><\/div>\n<div class=\"title-item\">QU\u1ea2N L\u00dd H\u00c0NG NG\u00c0N M\u00c3 H\u00c0NG H\u00d3A V\u00c0 T\u1ed2N KHO<\/div>\n<div class=\"content-detail\">\n<div class=\"text-item\">\u0110\u00e1p \u1ee9ng nhi\u1ec1u \u0111\u01a1n v\u1ecb t\u00ednh (th\u00f9ng, kg, bao, chi\u1ebfc, cu\u1ed9n\/m\u00e9t&#8230;) v\u00e0 kh\u1ea3 n\u0103ng qu\u1ea3n l\u00fd \u0111\u1ebfn h\u00e0ng ng\u00e0n m\u00e3 s\u1ea3n ph\u1ea9m.<\/div>\n<div class=\"text-item\">Linh ho\u1ea1t chuy\u1ec3n \u0111\u1ed5i \u0111\u01a1n v\u1ecb khi nh\u1eadp v\u00e0 b\u00e1n (Ch\u1eb3ng h\u1ea1n nh\u1eadp theo cu\u1ed9n, b\u00e1n theo m\u00e9t&#8230;).<\/div>\n<div class=\"text-item\">D\u1ec5 d\u00e0ng ki\u1ec3m k\u00ea h\u00e0ng h\u00f3a, tra c\u1ee9u th\u00f4ng tin h\u00e0ng h\u00f3a ngay tr\u00ean \u0111i\u1ec7n tho\u1ea1i v\u1edbi \u0111\u1ea7y \u0111\u1ee7 thu\u1ed9c t\u00ednh, th\u00f4ng s\u1ed1 k\u1ef9 thu\u1eadt.<\/div>\n<div class=\"text-item\">Qu\u1ea3n l\u00fd t\u1ed3n kho ch\u00ednh x\u00e1c, d\u1ec5 d\u00e0ng th\u1ed1ng k\u00ea s\u1ed1 l\u01b0\u1ee3ng xu\u1ea5t, nh\u1eadp, t\u1ed3n kho t\u1ea1i c\u1eeda h\u00e0ng ho\u1eb7c t\u1ea1i b\u1ea5t k\u1ef3 kho h\u00e0ng n\u00e0o trong chu\u1ed7i. T\u1ef1 \u0111\u1ed9ng t\u00ednh gi\u00e1 tr\u1ecb t\u1ed3n kho ch\u00ednh x\u00e1c.<\/div>\n<\/div>\n<\/div>\n<\/div>\n<\/div>\n<div class=\"col-md-24 no-padding box-management\">\n<div class=\"col-md-12 col-img\">\n<div class=\"img-management\"><img decoding=\"async\" class=\"img-responsive\" src=\"\/help\/vi\/help\/images\/Industry\/Building\/img_management-2.png\" alt=\"mshopkeeper.vn\"\/><\/div>\n<\/div>\n<div class=\"col-md-12 col-content\">\n<div class=\"content-management\">\n<div class=\"horizontal-line-cut\"><\/div>\n<div class=\"title-item\">B\u00c1N T\u1ea0I C\u1eecA H\u00c0NG HI\u1ec6U QU\u1ea2, NHANH CH\u00d3NG<\/div>\n<div class=\"content-detail\">\n<div class=\"text-item\">Thanh to\u00e1n ch\u00ednh x\u00e1c b\u1eb1ng m\u00e1y qu\u00e9t m\u00e3 v\u1ea1ch hay theo \u0111\u01a1n gi\u00e1 b\u00e1n \u0111\u00e3 \u0111\u01b0\u1ee3c thi\u1ebft l\u1eadp tr\u00ean ph\u1ea7n m\u1ec1m. T\u1ef1 \u0111\u1ed9ng ghi nh\u1eadn doanh thu b\u00e1n h\u00e0ng hay c\u00f4ng n\u1ee3 kh\u00e1ch h\u00e0ng.<\/div>\n<div class=\"text-item\">Linh ho\u1ea1t l\u1ef1a ch\u1ecdn gi\u00e1 b\u00e1n, c\u00f3 th\u1ec3 t\u1ea1o nhi\u1ec1u b\u1ea3ng gi\u00e1 cho c\u00f9ng m\u1ed9t s\u1ea3n ph\u1ea9m (gi\u00e1 cho kh\u00e1ch bu\u00f4n, kh\u00e1ch l\u1ebb, kh\u00e1ch mua nhi\u1ec1u, mua \u00edt&#8230;).<\/div>\n<div class=\"text-item\">D\u1ec5 d\u00e0ng tra c\u1ee9u th\u00f4ng tin \u0111\u1ec3 b\u00e1n h\u00e0ng cho kh\u00e1ch ngay tr\u00ean di \u0111\u1ed9ng.<\/div>\n<div class=\"text-item\">\u0110\u00e1p \u1ee9ng nhi\u1ec1u ch\u01b0\u01a1ng tr\u00ecnh khuy\u1ebfn m\u1ea1i, chi\u1ebft kh\u1ea5u cho kh\u00e1ch h\u00e0ng. T\u1ef1 \u0111\u1ed9ng \u00e1p d\u1ee5ng gi\u00e1 khuy\u1ebfn m\u1ea1i trong th\u1eddi gian di\u1ec5n ra ch\u01b0\u01a1ng tr\u00ecnh.<\/div>\n<\/div>\n<\/div>\n<\/div>\n<\/div>\n<div class=\"col-md-24 no-padding box-management box-direction\">\n<div class=\"col-md-12 col-img\">\n<div class=\"img-management\"><img decoding=\"async\" class=\"img-responsive\" src=\"\/help\/vi\/help\/images\/Industry\/Building\/img_management-3.png\" alt=\"mshopkeeper.vn\"\/><\/div>\n<\/div>\n<div class=\"col-md-12 col-content\">\n<div class=\"content-management\">\n<div class=\"horizontal-line-cut\"><\/div>\n<div class=\"title-item\">QU\u1ea2N L\u00dd NH\u00c2N VI\u00caN HI\u1ec6U QU\u1ea2<\/div>\n<div class=\"content-detail\">\n<div class=\"text-item\">Ph\u00e2n quy\u1ec1n nh\u00e2n vi\u00ean ph\u1ee5 tr\u00e1ch t\u1eebng nghi\u1ec7p v\u1ee5 r\u00f5 r\u00e0ng (thu ng\u00e2n, k\u1ebf to\u00e1n, nh\u00e2n vi\u00ean b\u00e1n h\u00e0ng), d\u1ec5 d\u00e0ng theo d\u00f5i l\u1ecbch s\u1eed ho\u1ea1t \u0111\u1ed9ng c\u1ee7a nh\u00e2n vi\u00ean.<\/div>\n<div class=\"text-item\">Kh\u1ea3 n\u0103ng th\u1ed1ng k\u00ea doanh s\u1ed1 b\u00e1n h\u00e0ng c\u1ee7a t\u1eebng nh\u00e2n vi\u00ean \u0111\u1ec3 \u0111\u00e1nh gi\u00e1 n\u0103ng l\u1ef1c, tr\u1ea3 l\u01b0\u01a1ng, th\u01b0\u1edfng cho nh\u00e2n vi\u00ean.<\/div>\n<div class=\"text-item\">Qu\u1ea3n l\u00fd nh\u00e2n vi\u00ean ngay c\u1ea3 khi kh\u00f4ng c\u00f3 m\u1eb7t t\u1ea1i c\u1eeda h\u00e0ng, kh\u00f4ng lo nh\u00e2n vi\u00ean gian l\u1eadn.<\/div>\n<div class=\"text-item\">C\u00f3 th\u1ec3 ch\u1ec9 \u0111\u1ecbnh vai tr\u00f2 cho nh\u00e2n vi\u00ean, ai \u0111\u01b0\u1ee3c l\u00e0m ho\u1eb7c kh\u00f4ng \u0111\u01b0\u1ee3c l\u00e0m, c\u00e1c b\u00e1o c\u00e1o \u0111\u01b0\u1ee3c xem\/kh\u00f4ng \u0111\u01b0\u1ee3c xem.<\/div>\n<\/div>\n<\/div>\n<\/div>\n<\/div>\n<div class=\"col-md-24 no-padding box-management\">\n<div class=\"col-md-12 col-img\">\n<div class=\"img-management\"><img decoding=\"async\" class=\"img-responsive\" src=\"\/help\/vi\/help\/images\/Industry\/Building\/img_management-4.png\" alt=\"mshopkeeper.vn\"\/><\/div>\n<\/div>\n<div class=\"col-md-12 col-content\">\n<div class=\"content-management\">\n<div class=\"horizontal-line-cut\"><\/div>\n<div class=\"title-item\">QU\u1ea2N L\u00dd KH\u00c1CH H\u00c0NG THEO M\u1ee8C TI\u00caU D\u00d9NG<\/div>\n<div class=\"content-detail\">\n<div class=\"text-item\">Qu\u1ea3n l\u00fd kh\u00f4ng gi\u1edbi h\u1ea1n s\u1ed1 l\u01b0\u1ee3ng kh\u00e1ch h\u00e0ng theo nh\u1eefng th\u00f4ng tin chi ti\u1ebft nh\u01b0 h\u1ecd t\u00ean, s\u1ed1 \u0111i\u1ec7n tho\u1ea1i, \u0111\u1ecba ch\u1ec9, sinh nh\u1eadt hay l\u1ecbch s\u1eed mua c\u1ee7a kh\u00e1ch h\u00e0ng.<\/div>\n<div class=\"text-item\">T\u1ef1 \u0111\u1ed9ng ph\u00e2n lo\u1ea1i kh\u00e1ch h\u00e0ng theo gi\u00e1 tr\u1ecb h\u00e0ng \u0111\u00e3 mua, t\u00edch \u0111i\u1ec3m cho kh\u00e1ch h\u00e0ng.<\/div>\n<div class=\"text-item\">\u0110\u00e1p \u1ee9ng c\u00e1c ch\u00ednh s\u00e1ch t\u1ef1 \u0111\u1ed9ng n\u00e2ng\/h\u1ea1 h\u1ea1ng th\u1ebb th\u00e0nh vi\u00ean.<\/div>\n<div class=\"text-item\">Thi\u1ebft l\u1eadp \u0111\u01b0\u1ee3c c\u00e1c CTKM v\u00e0 ph\u00e1t h\u00e0nh c\u00e1c m\u00e3 \u01b0u \u0111\u00e3i g\u1eedi \u0111\u1ebfn cho KH. Kh\u00e1ch h\u00e0ng th\u1ec3 t\u1ef1 tra c\u1ee9u h\u1ea1ng th\u1ebb, s\u1ed1 \u0111i\u1ec3m t\u00edch l\u0169y v\u00e0 \u01b0u \u0111\u00e3i c\u1ee7a c\u1eeda h\u00e0ng qua \u1ee9ng d\u1ee5ng 5Shop.<\/div>\n<\/div>\n<\/div>\n<\/div>\n<\/div>\n<div class=\"col-md-24 no-padding box-management box-direction\">\n<div class=\"col-md-12 col-img\">\n<div class=\"img-management\"><img decoding=\"async\" class=\"img-responsive\" src=\"\/help\/vi\/help\/images\/Industry\/Building\/img_management-5.png\" alt=\"mshopkeeper.vn\"\/><\/div>\n<\/div>\n<div class=\"col-md-12 col-content\">\n<div class=\"content-management\">\n<div class=\"horizontal-line-cut\"><\/div>\n<div class=\"title-item\">QU\u1ea2N L\u00dd \u0110\u01a0N H\u00c0NG V\u00c0 GIAO H\u00c0NG T\u1ef0 \u0110\u1ed8NG<\/div>\n<div class=\"content-detail\">\n<div class=\"text-item\">K\u1ebft n\u1ed1i nhi\u1ec1u \u0111\u01a1n v\u1ecb v\u1eadn chuy\u1ec3n uy t\u00edn (Viettel Post, VNPost, Giao h\u00e0ng nhanh, Giao h\u00e0ng ti\u1ebft ki\u1ec7m, Ahamove&#8230;), ch\u1ecdn ship gi\u00e1 r\u1ebb nh\u1ea5t, h\u1ed7 tr\u1ee3 ship COD.<\/div>\n<div class=\"text-item\">T\u1ef1 \u0111\u1ed9ng c\u1eadp nh\u1eadt tr\u1ea1ng th\u00e1i giao h\u00e0ng \u0111\u1ec3 \u0111\u1ed1i so\u00e1t nh\u01b0 d\u1ecbch v\u1ee5 v\u1eadn chuy\u1ec3n \u0111\u00e3 giao ch\u01b0a, \u0111\u01a1n giao th\u00e0nh c\u00f4ng hay kh\u00f4ng.<\/div>\n<div class=\"text-item\">Qu\u1ea3n l\u00fd \u0111\u01a1n h\u00e0ng t\u1eadp trung, d\u1ec5 d\u00e0ng theo d\u00f5i t\u00ecnh tr\u1ea1ng \u0111\u01a1n h\u00e0ng, gi\u00e1 tr\u1ecb \u0111\u01a1n h\u00e0ng tr\u00ean t\u1ea5t c\u1ea3 c\u00e1c k\u00eanh\/c\u00e1c chi nh\u00e1nh.<\/div>\n<\/div>\n<\/div>\n<\/div>\n<\/div>\n<div class=\"col-md-24 no-padding box-management\">\n<div class=\"col-md-12 col-img\">\n<div class=\"img-management\"><img decoding=\"async\" class=\"img-responsive\" src=\"\/help\/vi\/help\/images\/Industry\/Building\/img_management-6.png\" alt=\"mshopkeeper.vn\"\/><\/div>\n<\/div>\n<div class=\"col-md-12 col-content\">\n<div class=\"content-management\">\n<div class=\"horizontal-line-cut\"><\/div>\n<div class=\"title-item\">B\u00c1O C\u00c1O B\u00c1N H\u00c0NG CH\u00cdNH X\u00c1C \u0110\u1ebeN <br \/>T\u1eeaNG K\u00caNH, T\u1eeaNG CHI NH\u00c1NH<\/div>\n<div class=\"content-detail\">\n<div class=\"text-item\">H\u1ec7 th\u1ed1ng b\u00e1o c\u00e1o \u0111\u1ea7y \u0111\u1ee7, d\u1ec5 hi\u1ec3u bao qu\u00e1t to\u00e0n b\u1ed9 ho\u1ea1t \u0111\u1ed9ng kinh doanh bao g\u1ed3m: Doanh thu, l\u1ed7 l\u00e3i, t\u1ed3n kho, doanh s\u1ed1 chi ti\u1ebft c\u1ee7a t\u1eebng nh\u00e2n vi\u00ean, t\u1eebng m\u1eb7t h\u00e0ng\/nh\u00f3m h\u00e0ng h\u00f3a&#8230;, c\u00f4ng n\u1ee3 kh\u00e1ch h\u00e0ng, nh\u00e0 cung c\u1ea5p.<\/div>\n<div class=\"text-item\">Qu\u1ea3n l\u00fd chu\u1ed7i c\u1eeda v\u1eadt li\u1ec7u x\u00e2y d\u1ef1ng hi\u1ec7u qu\u1ea3. D\u1ec5 d\u00e0ng qu\u1ea3n l\u00fd c\u1eeda h\u00e0ng t\u1eeb xa ngay tr\u00ean thi\u1ebft b\u1ecb di \u0111\u1ed9ng.<\/div>\n<div class=\"text-item\">K\u1ebft n\u1ed1i ph\u1ea7n m\u1ec1m k\u1ebf to\u00e1n, ph\u1ea7n m\u1ec1m qu\u1ea3n tr\u1ecb doanh nghi\u1ec7p gi\u00fap c\u1ea5p qu\u1ea3n l\u00fd d\u1ec5 d\u00e0ng ki\u1ec3m so\u00e1t t\u1ea5t c\u1ea3 v\u1ea5n \u0111\u1ec1 ph\u00e1t sinh t\u1eeb khi l\u00e0m vi\u1ec7c v\u1edbi nh\u00e0 cung c\u1ea5p \u0111\u1ebfn khi b\u00e1n h\u00e0ng, qu\u1ea3n l\u00fd th\u00f4ng tin kh\u00e1ch h\u00e0ng.<\/div>\n<\/div>\n<\/div>\n<\/div>\n<\/div>\n<\/div>\n<\/div>\n<\/div>\n<\/div>\n<\/section>\n<link rel=\"stylesheet\" type=\"text\/css\" href=\"\/help\/vi\/help\/css\/bootstrap.css\"\/><link rel=\"stylesheet\" type=\"text\/css\" href=\"\/help\/vi\/help\/css\/industry.css\"\/><script type=\"text\/javascript\" src=\"\/help\/vi\/help\/js\/lib\/bootstrap.js\"><\/script><br \/>\n","protected":false},"excerpt":{"rendered":"<p>GI\u1ea2I QUY\u1ebeT M\u1eccI V\u1ea4N \u0110\u1ec0 KH\u00d3 KH\u0102N KHI KINH DOANH C\u1eecA H\u00c0NG V\u1eacT LI\u1ec6U X\u00c2Y D\u1ef0NG Kh\u00f3 ki\u1ec3m so\u00e1t \u0111\u00fang s\u1ed1 l\u01b0\u1ee3ng h\u00e0ng h\u00f3a do c\u00f3 nhi\u1ec1u \u0111\u01a1n v\u1ecb t\u00ednh, nhi\u1ec1u th\u00f4ng s\u1ed1 k\u1ef9 thu\u1eadt. C\u1eeda h\u00e0ng th\u01b0\u1eddng c\u00f3 nhi\u1ec1u kho (kho l\u01b0u tr\u1eef, kho t\u1ea1i c\u1eeda h\u00e0ng&#8230;). Nh\u00e2n vi\u00ean&#8230;<\/p>\n","protected":false},"author":1,"featured_media":0,"parent":0,"menu_order":0,"comment_status":"closed","ping_status":"closed","template":"","meta":{"footnotes":""},"class_list":["post-4508","page","type-page","status-publish","hentry"],"yoast_head":"<!-- This site is optimized with the Yoast SEO plugin v21.7 - https:\/\/yoast.com\/wordpress\/plugins\/seo\/ -->\n<title>V\u1eadt li\u1ec7u x\u00e2y d\u1ef1ng - T\u00e0i li\u1ec7u h\u01b0\u1edbng d\u1eabn MISA eShop Vi\u1ec7t Nam<\/title>\n<meta name=\"robots\" content=\"index, follow, max-snippet:-1, max-image-preview:large, max-video-preview:-1\" \/>\n<link rel=\"canonical\" href=\"\/vi\/vat-lieu-xay-dung\" \/>\n<meta property=\"og:locale\" content=\"vi_VN\" \/>\n<meta property=\"og:type\" content=\"article\" \/>\n<meta property=\"og:title\" content=\"V\u1eadt li\u1ec7u x\u00e2y d\u1ef1ng - T\u00e0i li\u1ec7u h\u01b0\u1edbng d\u1eabn MISA eShop Vi\u1ec7t Nam\" \/>\n<meta property=\"og:description\" content=\"GI\u1ea2I QUY\u1ebeT M\u1eccI V\u1ea4N \u0110\u1ec0 KH\u00d3 KH\u0102N KHI KINH DOANH C\u1eecA H\u00c0NG V\u1eacT LI\u1ec6U X\u00c2Y D\u1ef0NG Kh\u00f3 ki\u1ec3m so\u00e1t \u0111\u00fang s\u1ed1 l\u01b0\u1ee3ng h\u00e0ng h\u00f3a do c\u00f3 nhi\u1ec1u \u0111\u01a1n v\u1ecb t\u00ednh, nhi\u1ec1u th\u00f4ng s\u1ed1 k\u1ef9 thu\u1eadt. C\u1eeda h\u00e0ng th\u01b0\u1eddng c\u00f3 nhi\u1ec1u kho (kho l\u01b0u tr\u1eef, kho t\u1ea1i c\u1eeda h\u00e0ng&#8230;). Nh\u00e2n vi\u00ean...\" \/>\n<meta property=\"og:url\" content=\"\/vi\/vat-lieu-xay-dung\" \/>\n<meta property=\"og:site_name\" content=\"T\u00e0i li\u1ec7u h\u01b0\u1edbng d\u1eabn MISA eShop Vi\u1ec7t Nam\" \/>\n<meta property=\"article:modified_time\" content=\"2020-04-21T16:08:18+00:00\" \/>\n<meta name=\"twitter:card\" content=\"summary_large_image\" \/>\n<meta name=\"twitter:label1\" content=\"Est. reading time\" \/>\n\t<meta name=\"twitter:data1\" content=\"7 ph\u00fat\" \/>\n<!-- \/ Yoast SEO plugin. -->","yoast_head_json":{"title":"V\u1eadt li\u1ec7u x\u00e2y d\u1ef1ng - T\u00e0i li\u1ec7u h\u01b0\u1edbng d\u1eabn MISA eShop Vi\u1ec7t Nam","robots":{"index":"index","follow":"follow","max-snippet":"max-snippet:-1","max-image-preview":"max-image-preview:large","max-video-preview":"max-video-preview:-1"},"canonical":"\/vi\/vat-lieu-xay-dung","og_locale":"vi_VN","og_type":"article","og_title":"V\u1eadt li\u1ec7u x\u00e2y d\u1ef1ng - T\u00e0i li\u1ec7u h\u01b0\u1edbng d\u1eabn MISA eShop Vi\u1ec7t Nam","og_description":"GI\u1ea2I QUY\u1ebeT M\u1eccI V\u1ea4N \u0110\u1ec0 KH\u00d3 KH\u0102N KHI KINH DOANH C\u1eecA H\u00c0NG V\u1eacT LI\u1ec6U X\u00c2Y D\u1ef0NG Kh\u00f3 ki\u1ec3m so\u00e1t \u0111\u00fang s\u1ed1 l\u01b0\u1ee3ng h\u00e0ng h\u00f3a do c\u00f3 nhi\u1ec1u \u0111\u01a1n v\u1ecb t\u00ednh, nhi\u1ec1u th\u00f4ng s\u1ed1 k\u1ef9 thu\u1eadt. C\u1eeda h\u00e0ng th\u01b0\u1eddng c\u00f3 nhi\u1ec1u kho (kho l\u01b0u tr\u1eef, kho t\u1ea1i c\u1eeda h\u00e0ng&#8230;). Nh\u00e2n vi\u00ean...","og_url":"\/vi\/vat-lieu-xay-dung","og_site_name":"T\u00e0i li\u1ec7u h\u01b0\u1edbng d\u1eabn MISA eShop Vi\u1ec7t Nam","article_modified_time":"2020-04-21T16:08:18+00:00","twitter_card":"summary_large_image","twitter_misc":{"Est. reading time":"7 ph\u00fat"},"schema":{"@context":"https:\/\/schema.org","@graph":[{"@type":"WebPage","@id":"\/vi\/vat-lieu-xay-dung","url":"\/vi\/vat-lieu-xay-dung","name":"V\u1eadt li\u1ec7u x\u00e2y d\u1ef1ng - T\u00e0i li\u1ec7u h\u01b0\u1edbng d\u1eabn MISA eShop Vi\u1ec7t Nam","isPartOf":{"@id":"\/vi\/#website"},"datePublished":"2020-02-25T11:17:54+00:00","dateModified":"2020-04-21T16:08:18+00:00","breadcrumb":{"@id":"\/vi\/vat-lieu-xay-dung#breadcrumb"},"inLanguage":"vi","potentialAction":[{"@type":"ReadAction","target":["\/vi\/vat-lieu-xay-dung"]}]},{"@type":"BreadcrumbList","@id":"\/vi\/vat-lieu-xay-dung#breadcrumb","itemListElement":[{"@type":"ListItem","position":1,"name":"Home","item":"http:\/\/helpv2.mshopkeeper.vn\/vi"},{"@type":"ListItem","position":2,"name":"V\u1eadt li\u1ec7u x\u00e2y d\u1ef1ng"}]}]}},"_links":{"self":[{"href":"\/vi\/wp-json\/wp\/v2\/pages\/4508","targetHints":{"allow":["GET"]}}],"collection":[{"href":"\/vi\/wp-json\/wp\/v2\/pages"}],"about":[{"href":"\/vi\/wp-json\/wp\/v2\/types\/page"}],"author":[{"embeddable":true,"href":"\/vi\/wp-json\/wp\/v2\/users\/1"}],"replies":[{"embeddable":true,"href":"\/vi\/wp-json\/wp\/v2\/comments?post=4508"}],"version-history":[{"count":2,"href":"\/vi\/wp-json\/wp\/v2\/pages\/4508\/revisions"}],"predecessor-version":[{"id":4546,"href":"\/vi\/wp-json\/wp\/v2\/pages\/4508\/revisions\/4546"}],"wp:attachment":[{"href":"\/vi\/wp-json\/wp\/v2\/media?parent=4508"}],"curies":[{"name":"wp","href":"https:\/\/api.w.org\/{rel}","templated":true}]}}