{"id":4503,"date":"2020-02-25T18:16:23","date_gmt":"2020-02-25T11:16:23","guid":{"rendered":"http:\/\/helpvn.mshopkeeper.misa.local\/vi\/?page_id=4503"},"modified":"2020-04-21T23:03:03","modified_gmt":"2020-04-21T16:03:03","slug":"sach-va-van-phong-pham","status":"publish","type":"page","link":"\/vi\/sach-va-van-phong-pham","title":{"rendered":"S\u00e1ch v\u00e0 v\u0103n ph\u00f2ng ph\u1ea9m"},"content":{"rendered":"<section class=\"industry book-page\">\n<div class=\"introduce\">\n<div class=\"container\">\n<div class=\"row\">\n<div class=\"col-md-24 no-padding\">\n<div class=\"col-md-12\">\n<div class=\"image-introduce\"><img decoding=\"async\" class=\"img-responsive\" src=\"\/help\/vi\/help\/images\/Industry\/img_introduce.jpg\" alt=\"mshopkeeper.vn\"\/><\/div>\n<\/div>\n<div class=\"col-md-12\">\n<div class=\"content-introduce\">\n<div class=\"title-item\">GI\u1ea2I QUY\u1ebeT M\u1eccI V\u1ea4N \u0110\u1ec0 KH\u00d3 KH\u0102N KHI KINH DOANH <br \/>C\u1eecA H\u00c0NG S\u00c1CH V\u00c0 V\u0102N PH\u00d2NG PH\u1ea8M<\/div>\n<div class=\"content-detail\">\n<div class=\"text-item\">Nh\u00e0 s\u00e1ch t\u1ed5ng h\u1ee3p c\u00f3 h\u00e0ng ng\u00e0n \u0111\u1ea7u s\u00e1ch v\u1edbi r\u1ea5t nhi\u1ec1u th\u1ec3 lo\u1ea1i, t\u00e1c gi\u1ea3, \u0111\u1ed9 tu\u1ed5i \u0111\u1ed9c gi\u1ea3, nh\u00e0 xu\u1ea5t b\u1ea3n&#8230; khi\u1ebfn vi\u1ec7c qu\u1ea3n l\u00fd v\u00e0 nh\u1edb t\u00ean \u0111\u1ea7y \u0111\u1ee7 danh s\u00e1ch h\u00e0ng h\u00f3a tr\u1edf n\u00ean kh\u00f3 kh\u0103n.<\/div>\n<div class=\"text-item\">Khi b\u00e1n h\u00e0ng, thu ng\u00e2n mu\u1ed1n t\u00ednh gi\u00e1 chi\u1ebft kh\u1ea5u, khuy\u1ebfn m\u1ea1i cho kh\u00e1ch h\u00e0ng nh\u01b0ng kh\u00f4ng n\u1eafm r\u00f5 th\u00f4ng tin chi\u1ebft kh\u1ea5u bao nhi\u00eau theo \u0111\u1ea7u s\u00e1ch, gi\u00e1 b\u00eca hay \u01b0u \u0111\u00e3i cho nh\u00f3m kh\u00e1ch h\u00e0ng.<\/div>\n<div class=\"text-item show-min-width-1100\">Kho s\u00e1ch, v\u0103n ph\u00f2ng ph\u1ea9m c\u00f3 s\u1ed1 l\u01b0\u1ee3ng l\u1edbn, vi\u1ec7c qu\u1ea3n l\u00fd t\u1ed3n kho, gi\u00e1 tr\u1ecb t\u1ed3n kho hay t\u00ecnh h\u00ecnh xu\u1ea5t, nh\u1eadp h\u00e0ng h\u00f3a ti\u00eau t\u1ed1n nhi\u1ec1u th\u1eddi gian, th\u01b0\u1eddng g\u1eb7p ph\u1ea3i sai l\u1ec7ch, \u0111\u1eb7c bi\u1ec7t khi c\u1eeda h\u00e0ng c\u00f3 nhi\u1ec1u kho ho\u1eb7c chu\u1ed7i nh\u00e0 s\u00e1ch c\u00f3 nhi\u1ec1u chi nh\u00e1nh.<\/div>\n<div class=\"collapse collapseIntroduce\">\n<div class=\"text-item show-max-width-1099\">Kho s\u00e1ch, v\u0103n ph\u00f2ng ph\u1ea9m c\u00f3 s\u1ed1 l\u01b0\u1ee3ng l\u1edbn, vi\u1ec7c qu\u1ea3n l\u00fd t\u1ed3n kho, gi\u00e1 tr\u1ecb t\u1ed3n kho hay t\u00ecnh h\u00ecnh xu\u1ea5t, nh\u1eadp h\u00e0ng h\u00f3a ti\u00eau t\u1ed1n nhi\u1ec1u th\u1eddi gian, th\u01b0\u1eddng g\u1eb7p ph\u1ea3i sai l\u1ec7ch, \u0111\u1eb7c bi\u1ec7t khi c\u1eeda h\u00e0ng c\u00f3 nhi\u1ec1u kho ho\u1eb7c chu\u1ed7i nh\u00e0 s\u00e1ch c\u00f3 nhi\u1ec1u chi nh\u00e1nh.<\/div>\n<div class=\"text-item\">Kh\u00f3 ki\u1ec3m so\u00e1t ch\u00ednh x\u00e1c t\u00ecnh h\u00ecnh c\u00f4ng n\u1ee3 v\u1edbi c\u00e1c nh\u00e0 cung c\u1ea5p, danh s\u00e1ch \u0111\u1ea1i l\u00fd, doanh thu mua h\u00e0ng c\u1ee7a t\u1eebng \u0111\u1ea1i l\u00fd.<\/div>\n<div class=\"text-item\">C\u1ea7n qu\u1ea3n l\u00fd th\u1ed1ng nh\u1ea5t c\u00e1c \u0111\u01a1n h\u00e0ng, qu\u1ea3n l\u00fd t\u1ed3n kho \u0111\u1ed3ng b\u1ed9 gi\u1eefa c\u00e1c s\u00e0n TM\u0110T. Tra c\u1ee9u \u0111\u01b0\u1ee3c \u0111\u01a1n h\u00e0ng v\u00e0 tr\u1ea1ng th\u00e1i x\u1eed l\u00fd \u0111\u01a1n h\u00e0ng. \u0110\u1ed1i so\u00e1t v\u1edbi s\u00e0n v\u00e0 d\u1ecbch v\u1ee5 v\u1eadn chuy\u1ec3n.<\/div>\n<\/div>\n<div class=\"btn-view-more\"><a id=\"btnViewMore\" data-toggle=\"collapse\" href=\".collapseIntroduce\" aria-expanded=\"false\" aria-controls=\"collapseIntroduce\">Xem th\u00eam<\/a><\/div>\n<\/div>\n<\/div>\n<\/div>\n<\/div>\n<\/div>\n<\/div>\n<\/div>\n<div class=\"management\">\n<div class=\"container\">\n<div class=\"row\">\n<div class=\"col-md-24\">\n<div class=\"title-row\">MSHOPKEEPER \u2013 PH\u1ea6N M\u1ec0M QU\u1ea2N L\u00dd C\u1eecA H\u00c0NG S\u00c1CH, V\u0102N PH\u00d2NG PH\u1ea8M TO\u00c0N DI\u1ec6N<\/div>\n<\/div>\n<div class=\"col-md-24 no-padding\">\n<div class=\"col-md-24 no-padding box-management box-direction\">\n<div class=\"col-md-12 col-img\">\n<div class=\"img-management\"><img decoding=\"async\" class=\"img-responsive\" src=\"\/help\/vi\/help\/images\/Industry\/Book\/img_management-1.png\" alt=\"mshopkeeper.vn\"\/><\/div>\n<\/div>\n<div class=\"col-md-12 col-content\">\n<div class=\"content-management\">\n<div class=\"horizontal-line-cut\"><\/div>\n<div class=\"title-item\">QU\u1ea2N L\u00dd H\u00c0NG NG\u00c0N \u0110\u1ea6U S\u00c1CH <br \/>V\u00c0 THI\u1ebeT B\u1eca V\u0102N PH\u00d2NG<\/div>\n<div class=\"content-detail\">\n<div class=\"text-item\">Qu\u1ea3n l\u00fd kh\u00f4ng gi\u1edbi h\u1ea1n s\u1ed1 \u0111\u1ea7u s\u00e1ch, thi\u1ebft b\u1ecb v\u0103n ph\u00f2ng ph\u1ea9m.<\/div>\n<div class=\"text-item\">D\u1ec5 d\u00e0ng tra c\u1ee9u th\u00f4ng tin s\u00e1ch theo m\u00e3. \u0110\u00e1p \u1ee9ng m\u00e3 h\u00e0ng ch\u1ee9a t\u1ed1i \u0111a 25 k\u00fd t\u1ef1 (g\u1ed3m ch\u1eef, s\u1ed1, k\u00fd t\u1ef1 \u0111\u1eb7c bi\u1ec7t). C\u00f3 th\u1ec3 nh\u1eadp m\u00e3 ISBN c\u00f3 s\u1eb5n c\u1ee7a s\u00e1ch m\u00e0 kh\u00f4ng c\u1ea7n in l\u1ea1i m\u00e3 h\u00e0ng kh\u00e1c.<\/div>\n<div class=\"text-item\">Kh\u1ea3 n\u0103ng ki\u1ec3m k\u00ea h\u00e0ng h\u00f3a b\u1eb1ng m\u00e3 v\u1ea1ch ngay tr\u00ean \u0111i\u1ec7n tho\u1ea1i.<\/div>\n<div class=\"text-item\">Qu\u1ea3n l\u00fd t\u1ed3n kho ch\u00ednh x\u00e1c, d\u1ec5 d\u00e0ng th\u1ed1ng k\u00ea s\u1ed1 l\u01b0\u1ee3ng s\u00e1ch, v\u0103n h\u00f3a ph\u1ea9m t\u1ea1i m\u1ed9t hay nhi\u1ec1u kho.<\/div>\n<\/div>\n<\/div>\n<\/div>\n<\/div>\n<div class=\"col-md-24 no-padding box-management\">\n<div class=\"col-md-12 col-img\">\n<div class=\"img-management\"><img decoding=\"async\" class=\"img-responsive\" src=\"\/help\/vi\/help\/images\/Industry\/Book\/img_management-2.png\" alt=\"mshopkeeper.vn\"\/><\/div>\n<\/div>\n<div class=\"col-md-12 col-content\">\n<div class=\"content-management\">\n<div class=\"horizontal-line-cut\"><\/div>\n<div class=\"title-item\">B\u00c1N H\u00c0NG T\u1ea0I NH\u00c0 S\u00c1CH TH\u1eacT HI\u1ec6U QU\u1ea2<\/div>\n<div class=\"content-detail\">\n<div class=\"text-item\">D\u1ec5 d\u00e0ng thanh to\u00e1n b\u1eb1ng m\u00e1y qu\u00e9t m\u00e3 v\u1ea1ch, t\u00ednh ti\u1ec1n ch\u00ednh x\u00e1c.<\/div>\n<div class=\"text-item\">T\u1ef1 \u0111\u1ed9ng \u00e1p d\u1ee5ng gi\u00e1 b\u00e1n \u0111\u01b0\u1ee3c chi\u1ebft kh\u1ea5u khi thi\u1ebft l\u1eadp ch\u01b0\u01a1ng tr\u00ecnh khuy\u1ebfn m\u00e3i.<\/div>\n<div class=\"text-item\">Khi b\u00e1n h\u00e0ng ch\u1ecdn \u0111\u01b0\u1ee3c b\u1ea3ng gi\u00e1 \u0111\u1ec3 b\u00e1n (b\u1ea3ng gi\u00e1 d\u00e0nh cho kh\u00e1ch bu\u00f4n, kh\u00e1ch l\u1ebb, kh\u00e1ch vip..) hay thi\u1ebft l\u1eadp nhi\u1ec1u b\u1ea3ng gi\u00e1 ngay khi nh\u1eadp h\u00e0ng h\u00f3a.<\/div>\n<div class=\"text-item\">D\u1ec5 d\u00e0ng tra c\u1ee9u th\u00f4ng tin s\u1ea3n ph\u1ea9m, c\u1eadp nh\u1eadt th\u00f4ng tin s\u00e1ch m\u1edbi \u0111\u1ec3 t\u01b0 v\u1ea5n cho kh\u00e1ch h\u00e0ng.<\/div>\n<\/div>\n<\/div>\n<\/div>\n<\/div>\n<div class=\"col-md-24 no-padding box-management box-direction\">\n<div class=\"col-md-12 col-img\">\n<div class=\"img-management\"><img decoding=\"async\" class=\"img-responsive\" src=\"\/help\/vi\/help\/images\/Industry\/Book\/img_management-3.png\" alt=\"mshopkeeper.vn\"\/><\/div>\n<\/div>\n<div class=\"col-md-12 col-content\">\n<div class=\"content-management\">\n<div class=\"horizontal-line-cut\"><\/div>\n<div class=\"title-item\">THI\u1ebeT L\u1eacP CH\u01af\u01a0NG TR\u00ccNH KHUY\u1ebeN M\u00c3I TH\u1eacT D\u1ec4 D\u00c0NG<\/div>\n<div class=\"content-detail\">\n<div class=\"text-item\">\u0110a d\u1ea1ng c\u00e1c CTKM nh\u01b0 chi\u1ebft kh\u1ea5u theo gi\u00e1 b\u00eca, gi\u1ea3m gi\u00e1 h\u00f3a \u0111\u01a1n, gi\u1ea3m gi\u00e1 combo, mua m t\u1eb7ng n&#8230;<\/div>\n<div class=\"text-item\">Thi\u1ebft l\u1eadp \u0111i\u1ec1u ki\u1ec7n gi\u00e1 tr\u1ecb h\u00e0ng h\u00f3a, s\u1ed1 l\u01b0\u1ee3ng h\u00e0ng h\u00f3a, gi\u00e1 tr\u1ecb h\u00f3a \u0111\u01a1n \u0111\u01b0\u1ee3c khuy\u1ebfn m\u1ea1i.<\/div>\n<div class=\"text-item\">Qu\u1ea3n l\u00fd khuy\u1ebfn m\u00e3i theo th\u1eddi gian, \u0111\u1ed1i t\u01b0\u1ee3ng kh\u00e1ch h\u00e0ng, ch\u01b0\u01a1ng tr\u00ecnh \u0111\u01b0\u1ee3c \u00e1p d\u1ee5ng linh ho\u1ea1t v\u00e0 t\u1ef1 \u0111\u1ed9ng khi b\u00e1n h\u00e0ng.<\/div>\n<\/div>\n<\/div>\n<\/div>\n<\/div>\n<div class=\"col-md-24 no-padding box-management\">\n<div class=\"col-md-12 col-img\">\n<div class=\"img-management\"><img decoding=\"async\" class=\"img-responsive\" src=\"\/help\/vi\/help\/images\/Industry\/Book\/img_management-4.png\" alt=\"mshopkeeper.vn\"\/><\/div>\n<\/div>\n<div class=\"col-md-12 col-content\">\n<div class=\"content-management\">\n<div class=\"horizontal-line-cut\"><\/div>\n<div class=\"title-item\">QU\u1ea2N L\u00dd KH\u00c1CH H\u00c0NG V\u00c0 T\u00cdCH \u0110I\u1ec2M \u0110I\u1ec6N T\u1eec<\/div>\n<div class=\"content-detail\">\n<div class=\"text-item\">Qu\u1ea3n l\u00fd kh\u00f4ng gi\u1edbi h\u1ea1n s\u1ed1 l\u01b0\u1ee3ng kh\u00e1ch h\u00e0ng theo nh\u1eefng th\u00f4ng tin chi ti\u1ebft nh\u01b0 h\u1ecd t\u00ean, s\u1ed1 \u0111i\u1ec7n tho\u1ea1i, \u0111\u1ecba ch\u1ec9, sinh nh\u1eadt hay l\u1ecbch s\u1eed mua c\u1ee7a kh\u00e1ch h\u00e0ng.<\/div>\n<div class=\"text-item\">\u1ee8ng d\u1ee5ng qu\u1ea3n l\u00fd th\u1ebb th\u00e0nh vi\u00ean \u0111i\u1ec7n t\u1eed gi\u00fap t\u00edch \u0111i\u1ec3m kh\u00e1ch h\u00e0ng, t\u1ef1 \u0111\u1ed9ng n\u00e2ng\/h\u1ea1 h\u1ea1ng th\u1ebb hay g\u1eedi \u01b0u \u0111\u00e3i mi\u1ec5n ph\u00ed cho kh\u00e1ch h\u00e0ng.<\/div>\n<div class=\"text-item\">Kh\u00e1ch h\u00e0ng c\u00f3 th\u1ec3 ch\u1ee7 \u0111\u1ed9ng xem s\u1ed1 \u0111i\u1ec3m t\u00edch l\u0169y hay quy \u0111\u1ed5i \u0111i\u1ec3m \u0111\u1ec3 thanh to\u00e1n ti\u1ec7n l\u1ee3i.<\/div>\n<\/div>\n<\/div>\n<\/div>\n<\/div>\n<div class=\"col-md-24 no-padding box-management box-direction\">\n<div class=\"col-md-12 col-img\">\n<div class=\"img-management\"><img decoding=\"async\" class=\"img-responsive\" src=\"\/help\/vi\/help\/images\/Industry\/Book\/img_management-5.png\" alt=\"mshopkeeper.vn\"\/><\/div>\n<\/div>\n<div class=\"col-md-12 col-content\">\n<div class=\"content-management\">\n<div class=\"horizontal-line-cut\"><\/div>\n<div class=\"title-item\">QU\u1ea2N L\u00dd H\u1ee2P NH\u1ea4T TH\u00d4NG TIN T\u1ea0I <br \/>C\u1eecA H\u00c0NG V\u00c0 K\u00caNH ONLINE<\/div>\n<div class=\"content-detail\">\n<div class=\"text-item\">Ph\u1ea7n m\u1ec1m b\u00e1n h\u00e0ng MShopKeeper c\u00f3 kh\u1ea3 n\u0103ng k\u1ebft n\u1ed1i v\u1edbi ph\u1ea7n m\u1ec1m b\u00e1n h\u00e0ng \u0111a k\u00eanh OCM gi\u00fap qu\u1ea3n l\u00fd h\u1ee3p nh\u1ea5t c\u00e1c k\u00eanh Facebook, Zalo Shop, Website, Lazada, Shopee, Sendo, c\u1eeda h\u00e0ng&#8230;<\/div>\n<div class=\"text-item\">T\u1ef1 \u0111\u1ed9ng c\u1eadp nh\u1eadt tr\u1ea1ng th\u00e1i t\u1ed3n kho, \u0111\u01a1n h\u00e0ng hay c\u00e1c th\u00f4ng tin h\u00e0ng h\u00f3a, gi\u00e1 b\u00e1n tr\u00ean to\u00e0n h\u1ec7 th\u1ed1ng.<\/div>\n<div class=\"text-item\">K\u1ebft n\u1ed1i nhi\u1ec1u \u0111\u01a1n v\u1ecb v\u1eadn chuy\u1ec3n uy t\u00edn (Viettel Post, VNPost, Giao h\u00e0ng nhanh, Giao h\u00e0ng ti\u1ebft ki\u1ec7m, Ahamove&#8230;), ch\u1ecdn ship gi\u00e1 r\u1ebb nh\u1ea5t, h\u1ed7 tr\u1ee3 ship COD.<\/div>\n<\/div>\n<\/div>\n<\/div>\n<\/div>\n<div class=\"col-md-24 no-padding box-management\">\n<div class=\"col-md-12 col-img\">\n<div class=\"img-management\"><img decoding=\"async\" class=\"img-responsive\" src=\"\/help\/vi\/help\/images\/Industry\/Book\/img_management-6.png\" alt=\"mshopkeeper.vn\"\/><\/div>\n<\/div>\n<div class=\"col-md-12 col-content\">\n<div class=\"content-management\">\n<div class=\"horizontal-line-cut\"><\/div>\n<div class=\"title-item\">B\u00c1O C\u00c1O B\u00c1N H\u00c0NG CH\u00cdNH X\u00c1C \u0110\u1ebeN <br \/>T\u1eeaNG K\u00caNH, T\u1eeaNG CHI NH\u00c1NH<\/div>\n<div class=\"content-detail\">\n<div class=\"text-item\">H\u1ec7 th\u1ed1ng b\u00e1o c\u00e1o \u0111\u1ea7y \u0111\u1ee7, d\u1ec5 hi\u1ec3u bao qu\u00e1t to\u00e0n b\u1ed9 ho\u1ea1t \u0111\u1ed9ng kinh doanh bao g\u1ed3m: Doanh thu, l\u1ed7 l\u00e3i, t\u1ed3n kho, m\u1eb7t h\u00e0ng b\u00e1n ch\u1ea1y, doanh s\u1ed1 chi ti\u1ebft c\u1ee7a t\u1eebng nh\u00e2n vi\u00ean, t\u1eebng m\u1eb7t h\u00e0ng\/nh\u00f3m h\u00e0ng h\u00f3a&#8230;<\/div>\n<div class=\"text-item\">Qu\u1ea3n l\u00fd chu\u1ed7i nh\u00e0 s\u00e1ch, \u0111\u1ea1i l\u00fd, c\u1eeda h\u00e0ng nh\u01b0\u1ee3ng quy\u1ec1n hi\u1ec7u qu\u1ea3, d\u1ec5 d\u00e0ng so s\u00e1nh hi\u1ec7u qu\u1ea3 kinh doanh c\u1ee7a t\u1eebng c\u1eeda h\u00e0ng hay t\u1eebng k\u00eanh b\u00e1n h\u00e0ng.<\/div>\n<div class=\"text-item\">K\u1ebft n\u1ed1i ph\u1ea7n m\u1ec1m k\u1ebf to\u00e1n, ph\u1ea7n m\u1ec1m qu\u1ea3n tr\u1ecb doanh nghi\u1ec7p gi\u00fap c\u1ea5p qu\u1ea3n l\u00fd d\u1ec5 d\u00e0ng ki\u1ec3m so\u00e1t t\u1ea5t c\u1ea3 v\u1ea5n \u0111\u1ec1 ph\u00e1t sinh t\u1eeb khi l\u00e0m vi\u1ec7c v\u1edbi nh\u00e0 cung c\u1ea5p \u0111\u1ebfn khi b\u00e1n h\u00e0ng, qu\u1ea3n l\u00fd th\u00f4ng tin kh\u00e1ch h\u00e0ng.<\/div>\n<\/div>\n<\/div>\n<\/div>\n<\/div>\n<\/div>\n<\/div>\n<\/div>\n<\/div>\n<\/section>\n<link rel=\"stylesheet\" type=\"text\/css\" href=\"\/help\/vi\/help\/css\/bootstrap.css\"\/><link rel=\"stylesheet\" type=\"text\/css\" href=\"\/help\/vi\/help\/css\/industry.css\"\/><script type=\"text\/javascript\" src=\"\/help\/vi\/help\/js\/lib\/bootstrap.js\"><\/script><br \/>\n","protected":false},"excerpt":{"rendered":"<p>GI\u1ea2I QUY\u1ebeT M\u1eccI V\u1ea4N \u0110\u1ec0 KH\u00d3 KH\u0102N KHI KINH DOANH C\u1eecA H\u00c0NG S\u00c1CH V\u00c0 V\u0102N PH\u00d2NG PH\u1ea8M Nh\u00e0 s\u00e1ch t\u1ed5ng h\u1ee3p c\u00f3 h\u00e0ng ng\u00e0n \u0111\u1ea7u s\u00e1ch v\u1edbi r\u1ea5t nhi\u1ec1u th\u1ec3 lo\u1ea1i, t\u00e1c gi\u1ea3, \u0111\u1ed9 tu\u1ed5i \u0111\u1ed9c gi\u1ea3, nh\u00e0 xu\u1ea5t b\u1ea3n&#8230; khi\u1ebfn vi\u1ec7c qu\u1ea3n l\u00fd v\u00e0 nh\u1edb t\u00ean \u0111\u1ea7y \u0111\u1ee7 danh&#8230;<\/p>\n","protected":false},"author":1,"featured_media":0,"parent":0,"menu_order":0,"comment_status":"closed","ping_status":"closed","template":"","meta":{"footnotes":""},"class_list":["post-4503","page","type-page","status-publish","hentry"],"yoast_head":"<!-- This site is optimized with the Yoast SEO plugin v21.7 - https:\/\/yoast.com\/wordpress\/plugins\/seo\/ -->\n<title>S\u00e1ch v\u00e0 v\u0103n ph\u00f2ng ph\u1ea9m - T\u00e0i li\u1ec7u h\u01b0\u1edbng d\u1eabn MISA eShop Vi\u1ec7t Nam<\/title>\n<meta name=\"robots\" content=\"index, follow, max-snippet:-1, max-image-preview:large, max-video-preview:-1\" \/>\n<link rel=\"canonical\" href=\"\/vi\/sach-va-van-phong-pham\" \/>\n<meta property=\"og:locale\" content=\"vi_VN\" \/>\n<meta property=\"og:type\" content=\"article\" \/>\n<meta property=\"og:title\" content=\"S\u00e1ch v\u00e0 v\u0103n ph\u00f2ng ph\u1ea9m - T\u00e0i li\u1ec7u h\u01b0\u1edbng d\u1eabn MISA eShop Vi\u1ec7t Nam\" \/>\n<meta property=\"og:description\" content=\"GI\u1ea2I QUY\u1ebeT M\u1eccI V\u1ea4N \u0110\u1ec0 KH\u00d3 KH\u0102N KHI KINH DOANH C\u1eecA H\u00c0NG S\u00c1CH V\u00c0 V\u0102N PH\u00d2NG PH\u1ea8M Nh\u00e0 s\u00e1ch t\u1ed5ng h\u1ee3p c\u00f3 h\u00e0ng ng\u00e0n \u0111\u1ea7u s\u00e1ch v\u1edbi r\u1ea5t nhi\u1ec1u th\u1ec3 lo\u1ea1i, t\u00e1c gi\u1ea3, \u0111\u1ed9 tu\u1ed5i \u0111\u1ed9c gi\u1ea3, nh\u00e0 xu\u1ea5t b\u1ea3n&#8230; khi\u1ebfn vi\u1ec7c qu\u1ea3n l\u00fd v\u00e0 nh\u1edb t\u00ean \u0111\u1ea7y \u0111\u1ee7 danh...\" \/>\n<meta property=\"og:url\" content=\"\/vi\/sach-va-van-phong-pham\" \/>\n<meta property=\"og:site_name\" content=\"T\u00e0i li\u1ec7u h\u01b0\u1edbng d\u1eabn MISA eShop Vi\u1ec7t Nam\" \/>\n<meta property=\"article:modified_time\" content=\"2020-04-21T16:03:03+00:00\" \/>\n<meta name=\"twitter:card\" content=\"summary_large_image\" \/>\n<meta name=\"twitter:label1\" content=\"Est. reading time\" \/>\n\t<meta name=\"twitter:data1\" content=\"7 ph\u00fat\" \/>\n<!-- \/ Yoast SEO plugin. -->","yoast_head_json":{"title":"S\u00e1ch v\u00e0 v\u0103n ph\u00f2ng ph\u1ea9m - T\u00e0i li\u1ec7u h\u01b0\u1edbng d\u1eabn MISA eShop Vi\u1ec7t Nam","robots":{"index":"index","follow":"follow","max-snippet":"max-snippet:-1","max-image-preview":"max-image-preview:large","max-video-preview":"max-video-preview:-1"},"canonical":"\/vi\/sach-va-van-phong-pham","og_locale":"vi_VN","og_type":"article","og_title":"S\u00e1ch v\u00e0 v\u0103n ph\u00f2ng ph\u1ea9m - T\u00e0i li\u1ec7u h\u01b0\u1edbng d\u1eabn MISA eShop Vi\u1ec7t Nam","og_description":"GI\u1ea2I QUY\u1ebeT M\u1eccI V\u1ea4N \u0110\u1ec0 KH\u00d3 KH\u0102N KHI KINH DOANH C\u1eecA H\u00c0NG S\u00c1CH V\u00c0 V\u0102N PH\u00d2NG PH\u1ea8M Nh\u00e0 s\u00e1ch t\u1ed5ng h\u1ee3p c\u00f3 h\u00e0ng ng\u00e0n \u0111\u1ea7u s\u00e1ch v\u1edbi r\u1ea5t nhi\u1ec1u th\u1ec3 lo\u1ea1i, t\u00e1c gi\u1ea3, \u0111\u1ed9 tu\u1ed5i \u0111\u1ed9c gi\u1ea3, nh\u00e0 xu\u1ea5t b\u1ea3n&#8230; khi\u1ebfn vi\u1ec7c qu\u1ea3n l\u00fd v\u00e0 nh\u1edb t\u00ean \u0111\u1ea7y \u0111\u1ee7 danh...","og_url":"\/vi\/sach-va-van-phong-pham","og_site_name":"T\u00e0i li\u1ec7u h\u01b0\u1edbng d\u1eabn MISA eShop Vi\u1ec7t Nam","article_modified_time":"2020-04-21T16:03:03+00:00","twitter_card":"summary_large_image","twitter_misc":{"Est. reading time":"7 ph\u00fat"},"schema":{"@context":"https:\/\/schema.org","@graph":[{"@type":"WebPage","@id":"\/vi\/sach-va-van-phong-pham","url":"\/vi\/sach-va-van-phong-pham","name":"S\u00e1ch v\u00e0 v\u0103n ph\u00f2ng ph\u1ea9m - T\u00e0i li\u1ec7u h\u01b0\u1edbng d\u1eabn MISA eShop Vi\u1ec7t Nam","isPartOf":{"@id":"\/vi\/#website"},"datePublished":"2020-02-25T11:16:23+00:00","dateModified":"2020-04-21T16:03:03+00:00","breadcrumb":{"@id":"\/vi\/sach-va-van-phong-pham#breadcrumb"},"inLanguage":"vi","potentialAction":[{"@type":"ReadAction","target":["\/vi\/sach-va-van-phong-pham"]}]},{"@type":"BreadcrumbList","@id":"\/vi\/sach-va-van-phong-pham#breadcrumb","itemListElement":[{"@type":"ListItem","position":1,"name":"Home","item":"http:\/\/helpv2.mshopkeeper.vn\/vi"},{"@type":"ListItem","position":2,"name":"S\u00e1ch v\u00e0 v\u0103n ph\u00f2ng ph\u1ea9m"}]}]}},"_links":{"self":[{"href":"\/vi\/wp-json\/wp\/v2\/pages\/4503","targetHints":{"allow":["GET"]}}],"collection":[{"href":"\/vi\/wp-json\/wp\/v2\/pages"}],"about":[{"href":"\/vi\/wp-json\/wp\/v2\/types\/page"}],"author":[{"embeddable":true,"href":"\/vi\/wp-json\/wp\/v2\/users\/1"}],"replies":[{"embeddable":true,"href":"\/vi\/wp-json\/wp\/v2\/comments?post=4503"}],"version-history":[{"count":3,"href":"\/vi\/wp-json\/wp\/v2\/pages\/4503\/revisions"}],"predecessor-version":[{"id":5533,"href":"\/vi\/wp-json\/wp\/v2\/pages\/4503\/revisions\/5533"}],"wp:attachment":[{"href":"\/vi\/wp-json\/wp\/v2\/media?parent=4503"}],"curies":[{"name":"wp","href":"https:\/\/api.w.org\/{rel}","templated":true}]}}